{"id":15846,"date":"2014-05-11T22:43:39","date_gmt":"2014-05-11T20:43:39","guid":{"rendered":"http:\/\/www.debuechi.ch\/blog\/?page_id=15846"},"modified":"2022-10-22T23:51:43","modified_gmt":"2022-10-22T21:51:43","slug":"gaestebuch","status":"publish","type":"page","link":"https:\/\/www.debuechi.ch\/blog\/gaestebuch\/","title":{"rendered":"G\u00e4stebuch"},"content":{"rendered":"<p style=\"text-align: center;\"><img loading=\"lazy\" decoding=\"async\" class=\"alignnone size-full wp-image-20854\" src=\"https:\/\/www.debuechi.ch\/blog\/wp-content\/uploads\/2022\/10\/gaestebucgh.jpg\" alt=\"\" width=\"1000\" height=\"288\" srcset=\"https:\/\/www.debuechi.ch\/blog\/wp-content\/uploads\/2022\/10\/gaestebucgh.jpg 1000w, https:\/\/www.debuechi.ch\/blog\/wp-content\/uploads\/2022\/10\/gaestebucgh-444x128.jpg 444w, https:\/\/www.debuechi.ch\/blog\/wp-content\/uploads\/2022\/10\/gaestebucgh-768x221.jpg 768w, https:\/\/www.debuechi.ch\/blog\/wp-content\/uploads\/2022\/10\/gaestebucgh-500x144.jpg 500w\" sizes=\"auto, (max-width: 1000px) 100vw, 1000px\" \/><br \/>\n<span style=\"font-size: revert;\">Willkommen im G\u00e4stebuch, wenn Du mir was nettes da l\u00e4sst kommt es online. Wenn nicht bleibt es ONTHELINE. Nutze einfach die &#8222;Kommentar-Box&#8220;. Nach einer Inhaltspr\u00fcfung erscheint dein G\u00e4stebucheintrag (Alias Kommentar).<\/span><\/p>\n","protected":false},"excerpt":{"rendered":"<p>Willkommen im G\u00e4stebuch, wenn Du mir was nettes da l\u00e4sst kommt es online. Wenn nicht bleibt es ONTHELINE. Nutze einfach die &#8222;Kommentar-Box&#8220;. Nach einer Inhaltspr\u00fcfung erscheint dein G\u00e4stebucheintrag (Alias Kommentar).<\/p>\n","protected":false},"author":4,"featured_media":0,"parent":0,"menu_order":15,"comment_status":"open","ping_status":"closed","template":"sidebar-page.php","meta":{"footnotes":"","_links_to":"","_links_to_target":""},"class_list":["post-15846","page","type-page","status-publish","hentry"],"_links":{"self":[{"href":"https:\/\/www.debuechi.ch\/blog\/wp-json\/wp\/v2\/pages\/15846","targetHints":{"allow":["GET"]}}],"collection":[{"href":"https:\/\/www.debuechi.ch\/blog\/wp-json\/wp\/v2\/pages"}],"about":[{"href":"https:\/\/www.debuechi.ch\/blog\/wp-json\/wp\/v2\/types\/page"}],"author":[{"embeddable":true,"href":"https:\/\/www.debuechi.ch\/blog\/wp-json\/wp\/v2\/users\/4"}],"replies":[{"embeddable":true,"href":"https:\/\/www.debuechi.ch\/blog\/wp-json\/wp\/v2\/comments?post=15846"}],"version-history":[{"count":7,"href":"https:\/\/www.debuechi.ch\/blog\/wp-json\/wp\/v2\/pages\/15846\/revisions"}],"predecessor-version":[{"id":20855,"href":"https:\/\/www.debuechi.ch\/blog\/wp-json\/wp\/v2\/pages\/15846\/revisions\/20855"}],"wp:attachment":[{"href":"https:\/\/www.debuechi.ch\/blog\/wp-json\/wp\/v2\/media?parent=15846"}],"curies":[{"name":"wp","href":"https:\/\/api.w.org\/{rel}","templated":true}]}}