{"id":20903,"date":"2022-10-23T00:37:59","date_gmt":"2022-10-22T22:37:59","guid":{"rendered":"https:\/\/www.debuechi.ch\/blog\/?page_id=20903"},"modified":"2023-01-29T20:34:20","modified_gmt":"2023-01-29T19:34:20","slug":"buechi-bei-radio-passt-scho","status":"publish","type":"page","link":"https:\/\/www.debuechi.ch\/blog\/buechi-bei-radio-passt-scho\/","title":{"rendered":"B\u00fcchi@ Radio Passt Scho"},"content":{"rendered":"\n<p class=\"has-text-align-right\">B\u00fcchi <em>Radio Beitr\u00e4ge in Progress.! <\/em><\/p>\n\n\n\n<p>Hiermit pr\u00e4sentiere ich Euch den LIVE MUSIK STREAM. Kurze Interviews und GOOD NEWS werden von meiner Seite beigesteuert. Seid Live dabei was auf dem<a rel=\"noreferrer noopener\" href=\"https:\/\/passt-scho.radio\" target=\"_blank\"> Radio Sender Passt Scho<\/a> l\u00e4uft.<\/p>\n\n\n\n<figure class=\"wp-block-image size-large\"><img loading=\"lazy\" decoding=\"async\" width=\"1024\" height=\"359\" src=\"https:\/\/www.debuechi.ch\/blog\/wp-content\/uploads\/2022\/10\/thumbnail_Logo_Radio-1024x359.png\" alt=\"\" class=\"wp-image-20910\" srcset=\"https:\/\/www.debuechi.ch\/blog\/wp-content\/uploads\/2022\/10\/thumbnail_Logo_Radio-1024x359.png 1024w, https:\/\/www.debuechi.ch\/blog\/wp-content\/uploads\/2022\/10\/thumbnail_Logo_Radio-444x156.png 444w, https:\/\/www.debuechi.ch\/blog\/wp-content\/uploads\/2022\/10\/thumbnail_Logo_Radio-768x269.png 768w, https:\/\/www.debuechi.ch\/blog\/wp-content\/uploads\/2022\/10\/thumbnail_Logo_Radio-1536x538.png 1536w, https:\/\/www.debuechi.ch\/blog\/wp-content\/uploads\/2022\/10\/thumbnail_Logo_Radio-500x175.png 500w, https:\/\/www.debuechi.ch\/blog\/wp-content\/uploads\/2022\/10\/thumbnail_Logo_Radio.png 1772w\" sizes=\"auto, (max-width: 1024px) 100vw, 1024px\" \/><\/figure>\n\n\n\n<figure class=\"wp-block-embed is-type-rich is-provider-handler-einbetten wp-block-embed-handler-einbetten\"><div class=\"wp-block-embed__wrapper\">\n<!--[if lt IE 9]><script>document.createElement('audio');<\/script><![endif]-->\n<audio class=\"wp-audio-shortcode\" id=\"audio-20903-1\" preload=\"none\" style=\"width: 100%;\" controls=\"controls\"><source type=\"audio\/mpeg\" src=\"https:\/\/passtscho.ice.infomaniak.ch\/passtscho.mp3?_=1\" \/><a href=\"https:\/\/passtscho.ice.infomaniak.ch\/passtscho.mp3\">https:\/\/passtscho.ice.infomaniak.ch\/passtscho.mp3<\/a><\/audio>\n<\/div><figcaption class=\"wp-element-caption\">Musik Stream von: <strong>Radio Passt scho,<\/strong> debuechi.ch hat <strong>keinen<\/strong> Einfluss auf die Song`s oder auf das Programm. Es ist eine &#8222;Einbettung&#8220;. Verantwortlicher: &nbsp;<a href=\"mailto:office@passt-scho.com\">office@passt-scho.com<\/a> \/ 0041 &#8211; 76 &#8211; 394 00 60 I <a rel=\"noreferrer noopener\" href=\"https:\/\/passt-scho.radio\" target=\"_blank\">https:\/\/passt-scho.radiohttps:\/\/passt-scho.radio<\/a> I <a href=\"https:\/\/passt-scho.com\/kontakt\/2-uncategorised\/31-impressum\" target=\"_blank\" rel=\"noreferrer noopener\">Weiteres vom Sender des Live Streams, Radio passt scho.<\/a><\/figcaption><\/figure>\n","protected":false},"excerpt":{"rendered":"<p>B\u00fcchi Radio Beitr\u00e4ge in Progress.! Hiermit pr\u00e4sentiere ich Euch den LIVE MUSIK STREAM. Kurze Interviews und GOOD NEWS werden von meiner Seite beigesteuert. Seid Live dabei was auf dem Radio Sender Passt Scho l\u00e4uft.<\/p>\n","protected":false},"author":4,"featured_media":0,"parent":0,"menu_order":20,"comment_status":"closed","ping_status":"closed","template":"sidebar-page.php","meta":{"footnotes":"","_links_to":"","_links_to_target":""},"class_list":["post-20903","page","type-page","status-publish","hentry"],"_links":{"self":[{"href":"https:\/\/www.debuechi.ch\/blog\/wp-json\/wp\/v2\/pages\/20903","targetHints":{"allow":["GET"]}}],"collection":[{"href":"https:\/\/www.debuechi.ch\/blog\/wp-json\/wp\/v2\/pages"}],"about":[{"href":"https:\/\/www.debuechi.ch\/blog\/wp-json\/wp\/v2\/types\/page"}],"author":[{"embeddable":true,"href":"https:\/\/www.debuechi.ch\/blog\/wp-json\/wp\/v2\/users\/4"}],"replies":[{"embeddable":true,"href":"https:\/\/www.debuechi.ch\/blog\/wp-json\/wp\/v2\/comments?post=20903"}],"version-history":[{"count":25,"href":"https:\/\/www.debuechi.ch\/blog\/wp-json\/wp\/v2\/pages\/20903\/revisions"}],"predecessor-version":[{"id":21047,"href":"https:\/\/www.debuechi.ch\/blog\/wp-json\/wp\/v2\/pages\/20903\/revisions\/21047"}],"wp:attachment":[{"href":"https:\/\/www.debuechi.ch\/blog\/wp-json\/wp\/v2\/media?parent=20903"}],"curies":[{"name":"wp","href":"https:\/\/api.w.org\/{rel}","templated":true}]}}